{"id":316,"date":"2018-05-07T15:18:51","date_gmt":"2018-05-07T13:18:51","guid":{"rendered":"http:\/\/codegeek.memorial-pegasus.com\/?page_id=316"},"modified":"2024-07-23T09:59:32","modified_gmt":"2024-07-23T07:59:32","slug":"6eme-division-aeroportee","status":"publish","type":"page","link":"https:\/\/musee.memorial-pegasus.com\/fr\/6eme-division-aeroportee\/","title":{"rendered":"6\u00e8me Division A\u00e9roport\u00e9e"},"content":{"rendered":"<div class=\"wpb-content-wrapper\"><p>[vc_row][vc_column][vc_empty_space][vc_column_text]Le M\u00e9morial Pegasus est un mus\u00e9e consacr\u00e9 aux hommes de la 6\u00e8me Division a\u00e9roport\u00e9e britannique, les \u00ab B\u00e9rets Rouges \u00bb. On y pr\u00e9sente leurs missions en Normandie du 6 juin 1944, le Jour J.<\/p>\n<p>La division, command\u00e9e par le g\u00e9n\u00e9ral Richard Gale, \u00e9tait compos\u00e9e de parachutistes et de troupes transport\u00e9es \u00e0 bord de planeurs Horsa et Hamilcar. Elle devait tenir le flanc Est des plages du d\u00e9barquement face aux contre-attaques allemandes venant de cette direction.<\/p>\n<p>La mission de la 6\u00e8me Division a\u00e9roport\u00e9e devait s\u2019effectuer selon trois objectifs :<br \/>\n&#8211; La prise intacte des ponts sur le canal de Caen \u00e0 B\u00e9nouville et sur l\u2019Orne \u00e0 Ranville, afin de permettre la travers\u00e9e de renforts alli\u00e9s venant des plages.<br \/>\n&#8211; La prise de la batterie de Merville avec destruction de ses canons pour emp\u00eacher les tirs en direction de la plage Sword sur Ouistreham et en direction de la flotte alli\u00e9e au large.<br \/>\n&#8211; La prise de position sur les hauteurs \u00e0 l\u2019Est de l\u2019Orne et destruction des ponts sur la Dives.<\/p>\n<p>Toutes ces missions ont \u00e9t\u00e9 accomplies avec succ\u00e8s, avant l\u2019aube, au prix de lourdes pertes. Plus de 2 000 soldats reposent aujourd\u2019hui dans le cimeti\u00e8re de Ranville, \u00e0 quelques kilom\u00e8tres du M\u00e9morial Pegasus.[\/vc_column_text][\/vc_column][\/vc_row][vc_row][vc_column width=\u00a0\u00bb1\/3&Prime;][vc_single_image image=\u00a0\u00bb561&Prime; img_size=\u00a0\u00bbmedium\u00a0\u00bb add_caption=\u00a0\u00bbyes\u00a0\u00bb alignment=\u00a0\u00bbcenter\u00a0\u00bb onclick=\u00a0\u00bbimg_link_large\u00a0\u00bb][\/vc_column][vc_column width=\u00a0\u00bb1\/3&Prime;][vc_single_image image=\u00a0\u00bb327&Prime; img_size=\u00a0\u00bbmedium\u00a0\u00bb add_caption=\u00a0\u00bbyes\u00a0\u00bb alignment=\u00a0\u00bbcenter\u00a0\u00bb onclick=\u00a0\u00bbimg_link_large\u00a0\u00bb][\/vc_column][vc_column width=\u00a0\u00bb1\/3&Prime;][vc_single_image image=\u00a0\u00bb563&Prime; img_size=\u00a0\u00bbmedium\u00a0\u00bb add_caption=\u00a0\u00bbyes\u00a0\u00bb alignment=\u00a0\u00bbcenter\u00a0\u00bb onclick=\u00a0\u00bbimg_link_large\u00a0\u00bb][\/vc_column][\/vc_row]<\/p>\n<\/div>","protected":false},"excerpt":{"rendered":"<p>[vc_row][vc_column][vc_empty_space][vc_column_text]Le M\u00e9morial Pegasus est un mus\u00e9e consacr\u00e9 aux hommes de la 6\u00e8me Division a\u00e9roport\u00e9e britannique, les \u00ab B\u00e9rets Rouges \u00bb. On y pr\u00e9sente leurs missions en Normandie du 6 juin 1944, le Jour J. La division, command\u00e9e par le g\u00e9n\u00e9ral Richard Gale, \u00e9tait compos\u00e9e de parachutistes et de troupes transport\u00e9es \u00e0 bord de planeurs Horsa [&hellip;]<\/p>\n","protected":false},"author":5,"featured_media":0,"parent":0,"menu_order":0,"comment_status":"closed","ping_status":"closed","template":"","meta":[],"_links":{"self":[{"href":"https:\/\/musee.memorial-pegasus.com\/fr\/wp-json\/wp\/v2\/pages\/316"}],"collection":[{"href":"https:\/\/musee.memorial-pegasus.com\/fr\/wp-json\/wp\/v2\/pages"}],"about":[{"href":"https:\/\/musee.memorial-pegasus.com\/fr\/wp-json\/wp\/v2\/types\/page"}],"author":[{"embeddable":true,"href":"https:\/\/musee.memorial-pegasus.com\/fr\/wp-json\/wp\/v2\/users\/5"}],"replies":[{"embeddable":true,"href":"https:\/\/musee.memorial-pegasus.com\/fr\/wp-json\/wp\/v2\/comments?post=316"}],"version-history":[{"count":3,"href":"https:\/\/musee.memorial-pegasus.com\/fr\/wp-json\/wp\/v2\/pages\/316\/revisions"}],"predecessor-version":[{"id":1034,"href":"https:\/\/musee.memorial-pegasus.com\/fr\/wp-json\/wp\/v2\/pages\/316\/revisions\/1034"}],"wp:attachment":[{"href":"https:\/\/musee.memorial-pegasus.com\/fr\/wp-json\/wp\/v2\/media?parent=316"}],"curies":[{"name":"wp","href":"https:\/\/api.w.org\/{rel}","templated":true}]}}